{"id":3735,"date":"2022-11-02T18:35:11","date_gmt":"2022-11-02T18:35:11","guid":{"rendered":"https:\/\/quanticoservicios.net\/?page_id=3735"},"modified":"2026-03-03T23:18:22","modified_gmt":"2026-03-04T03:18:22","slug":"condiciones-de-uso","status":"publish","type":"page","link":"https:\/\/quanticoservicios.net\/en\/condiciones-de-uso\/","title":{"rendered":"Terms of use"},"content":{"rendered":"<div class=\"fusion-fullwidth fullwidth-box fusion-builder-row-1 fusion-flex-container has-pattern-background has-mask-background nonhundred-percent-fullwidth non-hundred-percent-height-scrolling\" style=\"--awb-border-radius-top-left:0px;--awb-border-radius-top-right:0px;--awb-border-radius-bottom-right:0px;--awb-border-radius-bottom-left:0px;--awb-padding-top:0px;--awb-padding-right:50px;--awb-padding-left:50px;--awb-flex-wrap:wrap;\" ><div class=\"fusion-builder-row fusion-row fusion-flex-align-items-flex-start fusion-flex-content-wrap\" style=\"max-width:1497.6px;margin-left: calc(-4% \/ 2 );margin-right: calc(-4% \/ 2 );\"><div class=\"fusion-layout-column fusion_builder_column fusion-builder-column-0 fusion_builder_column_1_1 1_1 fusion-flex-column\" style=\"--awb-bg-size:cover;--awb-width-large:100%;--awb-margin-top-large:20px;--awb-spacing-right-large:1.92%;--awb-margin-bottom-large:20px;--awb-spacing-left-large:1.92%;--awb-width-medium:100%;--awb-order-medium:0;--awb-spacing-right-medium:1.92%;--awb-spacing-left-medium:1.92%;--awb-width-small:100%;--awb-order-small:0;--awb-spacing-right-small:1.92%;--awb-spacing-left-small:1.92%;\"><div class=\"fusion-column-wrapper fusion-column-has-shadow fusion-flex-justify-content-flex-start fusion-content-layout-column\"><div class=\"fusion-text fusion-text-1\"><h1 style=\"text-align: center; font-size: 0px; line-height: 0.5em; letter-spacing: 0.16px;\" data-fusion-font=\"true\">s<\/h1>\n<p style=\"font-size: 16px; font-family: Manrope; font-weight: 300; line-height: 1.5em;\" data-fusion-font=\"true\" data-fusion-google-font=\"Manrope\" data-fusion-google-variant=\"300\">El usuario o visitante de esta p\u00e1gina tiene la obligaci\u00f3n de leer las \u00abCondiciones de Uso\u201d para los servicios que se detallan en este texto, de manera que acepta estar completamente de acuerdo con el texto y asumen la responsabilidad de usar este sitio web; si no est\u00e1 de acuerdo con este texto se le recomienda dejar de usar este sitio.<\/p>\n<p style=\"font-size: 16px; font-family: Manrope; font-weight: 300; line-height: 1.5em;\" data-fusion-font=\"true\" data-fusion-google-font=\"Manrope\" data-fusion-google-variant=\"300\">Estos \u00abT\u00e9rminos y Condiciones de Uso\u201d se aplican al uso que haga de este sitio web de Qu\u00e1ntico Servicios de Asistencia.<\/p>\n<p style=\"font-size: 16px; font-family: Manrope; font-weight: 300; line-height: 1.5em;\" data-fusion-font=\"true\" data-fusion-google-font=\"Manrope\" data-fusion-google-variant=\"300\">Como condici\u00f3n de su uso de este Sitio web, el usuario garantiza que (i) toda la informaci\u00f3n que proporcione en este Sitio web ser\u00e1 informaci\u00f3n veraz, exacta, actual y completa, (ii) si se le proporciona una cuenta de acceso a cualquiera de nuestros sitios y\/o p\u00e1ginas web, resguardar\u00e1 la informaci\u00f3n de su cuenta y supervisar\u00e1 y ser\u00e1 plenamente responsable por cualquier uso de su cuenta de parte de cualquier persona que no sea el usuario y (iii) afirma y garantiza que tiene 18 a\u00f1os o m\u00e1s, y que tiene capacidad legal para aceptar estos \u00abT\u00e9rminos y Condiciones de Uso\u201d.<\/p>\n<p><strong><span style=\"color: var(--awb-color6); font-size: 18px;\" data-fusion-font=\"true\">Pol\u00edtica de Privacidad<\/span><\/strong><\/p>\n<p style=\"font-family: Manrope; font-weight: 300; font-size: 16px; line-height: 1.5em;\" data-fusion-font=\"true\" data-fusion-google-font=\"Manrope\" data-fusion-google-variant=\"300\">Qu\u00e1ntico Servicios de Asistencia asegura todos los datos personales y la privacidad de su identidad, por ello, no guarda ning\u00fan tipo de informaci\u00f3n bancaria de tarjetas de cr\u00e9dito, m\u00e9todos de pago, datos de Tarjeta de Cr\u00e9dito, ni cuentas bancarias.<\/p>\n<p style=\"font-family: Manrope; font-weight: 300; font-size: 16px; line-height: 1.5em;\" data-fusion-font=\"true\" data-fusion-google-font=\"Manrope\" data-fusion-google-variant=\"300\">Por favor lea detenidamente nuestras Pol\u00edticas de Privacidad para m\u00e1s informaci\u00f3n. En caso de dudas que no hayan podido ser aclaradas, recomendamos no utilizar el sitio web.<\/p>\n<p><strong style=\"color: var(--awb-color6); font-size: 18px;\" data-fusion-font=\"true\">Propiedad del Sitio y de sus contenidos<\/strong><\/p>\n<p style=\"font-family: Manrope; font-weight: 300; font-size: 16px; line-height: 1.5em;\" data-fusion-font=\"true\" data-fusion-google-font=\"Manrope\" data-fusion-google-variant=\"300\">Qu\u00e1ntico Servicios de Asistencia es propietario de este sitio web, incluyendo, aunque sin limitarse a ellos, texto, gr\u00e1ficos, datos, im\u00e1genes fotogr\u00e1ficas, im\u00e1genes en movimiento, sonido, ilustraciones, software y la selecci\u00f3n y disposici\u00f3n.<\/p>\n<p style=\"font-family: Manrope; font-weight: 300; font-size: 16px; line-height: 1.5em;\" data-fusion-font=\"true\" data-fusion-google-font=\"Manrope\" data-fusion-google-variant=\"300\">A menos que se indique lo contrario, todo el contenido que aparece en este Sitio es propiedad exclusiva de Qu\u00e1ntico Servicios de Asistencia, sus marcas comerciales y los derechos de propiedad intelectual.<\/p>\n<p style=\"font-family: Manrope; font-weight: 300; font-size: 16px; line-height: 1.5em;\" data-fusion-font=\"true\" data-fusion-google-font=\"Manrope\" data-fusion-google-variant=\"300\">El usuario se compromete a no hacer lo siguiente: (i) usar este Sitio web o sus contenidos con cualquier fin comercial; (ii) tener acceso, monitorear o copiar cualquier contenido o informaci\u00f3n de este Sitio web utilizando cualquier robot, ara\u00f1a (spider), recortador (scraper) u otros medios autom\u00e1ticos o cualquier proceso manual con cualquier fin, sin el permiso expreso y por escrito de la Qu\u00e1ntico Servicios de Asistencia (iii) violar las restricciones de cualquier mensaje de encabezado de exclusi\u00f3n de robots en este Sitio web o evitar o eludir otras medidas empleadas para impedir o limitar el acceso a este Sitio web (iv) tomar cualquier medida que imponga o pueda imponer, a nuestro criterio, una carga de tama\u00f1o excesivo o desproporcionado sobre nuestra infraestructura (v) establecer v\u00ednculos profundos a cualquier parte de este Sitio web con cualquier fin sin el permiso expreso por escrito de la empresa (vi) hacer un \u00abmarco\u00bb, un \u00absitio reflejado\u00bb o incorporar de otra manera cualquier parte de este Sitio web a cualquier otro sitio web sin la previa autorizaci\u00f3n por escrito de la Qu\u00e1ntico Servicios de Asistencia. (vii) intentar modificar, traducir, adaptar, editar, descompilar, desmontar o utilizar t\u00e9cnicas de ingenier\u00eda inversa sobre cualquier programa de software utilizado por Qu\u00e1ntico Servicios de Asistencia en relaci\u00f3n con el Sitio web o los servicios.<\/p>\n<p><strong style=\"font-size: 18px; color: var(--awb-color6);\" data-fusion-font=\"true\">Uso del Sitio<\/strong><\/p>\n<p style=\"font-size: 16px; font-family: Manrope; font-weight: 300; line-height: 1.5em;\" data-fusion-font=\"true\" data-fusion-google-font=\"Manrope\" data-fusion-google-variant=\"300\">Qu\u00e1ntico Servicios de Asistencia ha creado este sitio web para el uso de sus clientes y de su administraci\u00f3n bajo su modelo de trabajo, queda prohibido el uso, copia o reproducci\u00f3n de este sitio web o su contenido para otro fin que no sea estrictamente relacionado con Qu\u00e1ntico Servicios de Asistencia.<\/p>\n<p style=\"font-size: 16px; font-family: Manrope; font-weight: 300; line-height: 1.5em;\" data-fusion-font=\"true\" data-fusion-google-font=\"Manrope\" data-fusion-google-variant=\"300\">Qu\u00e1ntico Servicios de Asistencia no garantiza ni declara que el uso de parte del usuario de los materiales que se presentan en este sitio web no infringir\u00e1 derechos de terceros.<\/p>\n<p style=\"font-size: 16px; font-family: Manrope; font-weight: 300; line-height: 1.5em;\" data-fusion-font=\"true\" data-fusion-google-font=\"Manrope\" data-fusion-google-variant=\"300\">Qu\u00e1ntico Servicios de Asistencia no otorga ning\u00fan permiso al usar este sitio web para copiar im\u00e1genes, descargar o copiar total o parcialmente los formatos o planillas de este sitio web, sin contar con una licencia o acuerdo con Qu\u00e1ntico Servicios de Asistencia.<\/p>\n<p style=\"font-size: 16px; font-family: Manrope; font-weight: 300; line-height: 1.5em;\" data-fusion-font=\"true\" data-fusion-google-font=\"Manrope\" data-fusion-google-variant=\"300\">Qu\u00e1ntico Servicios de Asistencia garantiza la precisi\u00f3n, exactitud y fiabilidad del contenido del sitio web para cumplir con las exigencias de nuestros clientes. Esto no otorga ning\u00fan tipo de garant\u00eda en cuanto a los productos y sus descripciones ya que, dependiendo del pa\u00eds desde d\u00f3nde haga uso del sitio web, los productos pueden contar con descripciones diferentes.<\/p>\n<p><strong style=\"color: var(--awb-color6); font-size: 18px;\" data-fusion-font=\"true\">Limitaci\u00f3n de la responsabilidad<\/strong><\/p>\n<p style=\"font-size: 16px; line-height: 1.5em; font-family: Manrope; font-weight: 300;\" data-fusion-font=\"true\" data-fusion-google-font=\"Manrope\" data-fusion-google-variant=\"300\">Qu\u00e1ntico Servicios de Asistencia, sus directores, miembros, empleados o vendedores internos o Freelance no ser\u00e1n responsables en ning\u00fan caso de la informaci\u00f3n derivada de b\u00fasquedas o de descripciones relacionadas con productos o caracter\u00edsticas espec\u00edficas, incluidos la falta de uso, p\u00e9rdida de beneficios o p\u00e9rdida de datos, ya sea por una acci\u00f3n del usuario o falla del equipo por mal uso del usuario.<\/p>\n<p style=\"font-size: 16px; line-height: 1.5em; font-family: Manrope; font-weight: 300;\" data-fusion-font=\"true\" data-fusion-google-font=\"Manrope\" data-fusion-google-variant=\"300\">Qu\u00e1ntico Servicios de Asistencia se exime de cualquier responsabilidad en caso de que alguna b\u00fasqueda no sea completa o exacta. Las garant\u00edas o las responsabilidades impl\u00edcitas para cierto producto o categor\u00edas son exclusivas de los creadores de la p\u00e1gina web.<\/p>\n<p><strong style=\"color: var(--awb-color6); font-size: 18px;\" data-fusion-font=\"true\">Marcas comerciales<\/strong><\/p>\n<p style=\"font-size: 16px; line-height: 1.5em; font-family: Manrope; font-weight: 300;\" data-fusion-font=\"true\" data-fusion-google-font=\"Manrope\" data-fusion-google-variant=\"300\">Qu\u00e1ntico Servicios de Asistencia es due\u00f1a de sus marcas comerciales, del logotipo y del eslogan, de sus servicios y formato de ventas incluidos en el sitio. Estos bienes intangibles no se podr\u00e1n copiar, imitar ni usar, parcial o totalmente, sin el consentimiento previo por escrito de Qu\u00e1ntico Servicios de Asistencia. No podr\u00e1n utilizar metaetiquetas ni cualquier otro \u00abtexto oculto\u00bb que incluya \u00bb Qu\u00e1ntico Servicios de Asistencia\u201d o cualquier otro nombre, marca, servicio o producto de Qu\u00e1ntico Servicios de Asistencia, sin nuestro permiso previo por escrito; adem\u00e1s, est\u00e1 prohibici\u00f3n tambi\u00e9n se refiere al aspecto del Sitio web incluidos los encabezados de p\u00e1gina, los gr\u00e1ficos personalizados, los iconos de bot\u00f3n y la imagen comercial de Qu\u00e1ntico Servicios de Asistencia.<\/p>\n<p style=\"font-size: 16px; line-height: 1.5em; font-family: Manrope; font-weight: 300;\" data-fusion-font=\"true\" data-fusion-google-font=\"Manrope\" data-fusion-google-variant=\"300\">Se proh\u00edbe terminantemente el uso por parte del usuario de las marcas comerciales que figuran en este sitio web o cualquier otro contenido de este sitio web, excepto por lo que se dispone en estas condiciones de uso.<\/p>\n<p><span style=\"font-size: 16px; line-height: 1.5em; font-family: Manrope; font-weight: 300;\" data-fusion-font=\"true\" data-fusion-google-font=\"Manrope\" data-fusion-google-variant=\"300\">Si Qu\u00e1ntico Servicios de Asistencia considera que en la informaci\u00f3n o contenido del usuario es inaceptable o restrinja o impida el uso y disfrute del sitio web o que afecte de manera impropia o inmoral a este sitio web o a alg\u00fan usuario, ser\u00e1 eliminado como usuario y\/o cliente.<\/span><\/p>\n<p style=\"font-size: 16px; line-height: 1.5em; font-family: Manrope; font-weight: 300;\" data-fusion-font=\"true\" data-fusion-google-font=\"Manrope\" data-fusion-google-variant=\"300\">Qu\u00e1ntico Servicios de Asistencia no asume ninguna responsabilidad por el contenido publicado o aportado al sitio web por parte del usuario, almacenado o cargado por el usuario o por parte de un tercero, ni por cualquier p\u00e9rdida o da\u00f1o, as\u00ed como tampoco asume responsabilidades por cualquier error, difamaci\u00f3n, calumnia, omisi\u00f3n, falsedad, obscenidad, pornograf\u00eda o blasfemia que pueda encontrar.<\/p>\n<p style=\"font-size: 16px; line-height: 1.5em; font-family: Manrope; font-weight: 300;\" data-fusion-font=\"true\" data-fusion-google-font=\"Manrope\" data-fusion-google-variant=\"300\">Todo usuario acepta y garantiza que es propietario de toda informaci\u00f3n o contenido que coloque en el sitio web y que controla todos los derechos derivados del contenido que publique o que, por el contrario, tiene derecho a publicar dicho contenido en el sitio web.<\/p>\n<p><strong style=\"color: var(--awb-color6); font-size: 18px;\" data-fusion-font=\"true\">Datos de registro y seguridad de la cuenta<\/strong><\/p>\n<p style=\"font-size: 16px; line-height: 1.5em; font-family: Manrope; font-weight: 300;\" data-fusion-font=\"true\" data-fusion-google-font=\"Manrope\" data-fusion-google-variant=\"300\">En relaci\u00f3n con el uso que hace del Sitio Web usted acuerda proporcionar informaci\u00f3n exacta, actual y completa sobre usted, cuando se le solicite en cualquier formulario de registro en el Sitio Web o en las compras realizadas en el sitio web.<\/p>\n<p style=\"font-size: 16px; line-height: 1.5em; font-family: Manrope; font-weight: 300;\" data-fusion-font=\"true\" data-fusion-google-font=\"Manrope\" data-fusion-google-variant=\"300\">Usted acepta toda la responsabilidad por todas o parte de las actividades que se realicen en su cuenta y acepta todos los riesgos derivados del acceso no autorizado a los datos de registro y a cualquier otra informaci\u00f3n que proporcione a la empresa.<\/p>\n<p><span style=\"font-size: 16px; line-height: 1.5em; font-family: Manrope; font-weight: 300;\" data-fusion-font=\"true\" data-fusion-google-font=\"Manrope\" data-fusion-google-variant=\"300\">Este Sitio web utiliza Google Analytics y Google Adsense, un servicio gratuito anal\u00edtico web y un servicio de anuncios publicitarios prestados por Google, Inc., una compa\u00f1\u00eda de Delaware cuya oficina principal est\u00e1 en 1600 Amphitheatre Parkway, Mountain View (California), CA 94043, Estados Unidos (\u00abGoogle\u201d). Google, como proveedor asociado hacen uso de <\/span><strong style=\"font-size: 16px; line-height: 1.5em; font-family: Manrope; font-weight: 300;\" data-fusion-font=\"true\" data-fusion-google-font=\"Manrope\" data-fusion-google-variant=\"300\">galletas o cookies<\/strong><span style=\"font-size: 16px; line-height: 1.5em; font-family: Manrope; font-weight: 300;\" data-fusion-font=\"true\" data-fusion-google-font=\"Manrope\" data-fusion-google-variant=\"300\">, el cual son peque\u00f1os ficheros de datos que se generan en su ordenador, que sirven para publicar anuncios en este sitio web, este env\u00eda informaci\u00f3n sin proporcionar referencias que permitan deducir datos personales de este.<\/span><\/p>\n<p style=\"font-size: 16px; line-height: 1.5em; font-family: Manrope; font-weight: 300;\" data-fusion-font=\"true\" data-fusion-google-font=\"Manrope\" data-fusion-google-variant=\"300\">La informaci\u00f3n que genera la cookie acerca de su uso del sitio web (incluyendo su direcci\u00f3n IP) ser\u00e1 directamente transmitida y archivada por Google en los servidores en Estados Unidos.<\/p>\n<p style=\"font-size: 16px; line-height: 1.5em; font-family: Manrope; font-weight: 300;\" data-fusion-font=\"true\" data-fusion-google-font=\"Manrope\" data-fusion-google-variant=\"300\">Google usar\u00e1 esta informaci\u00f3n por cuenta nuestra con el prop\u00f3sito de seguir la pista de su uso del sitio web, recopilando informes de la actividad del sitio web y prestando otros servicios relacionados con la actividad del sitio web y el uso de Internet. Google podr\u00e1 transmitir dicha informaci\u00f3n a terceros cuando as\u00ed se lo requiera la legislaci\u00f3n, o cuando dichos terceros procesen la informaci\u00f3n por cuenta de Google. Google no asociar\u00e1 su direcci\u00f3n IP con ning\u00fan otro dato del que disponga Google.<\/p>\n<p><span style=\"font-size: 16px; line-height: 1.5em; font-family: Manrope; font-weight: 300;\" data-fusion-font=\"true\" data-fusion-google-font=\"Manrope\" data-fusion-google-variant=\"300\">Usted podr\u00e1 configurar su navegador para que notifique y rechace la instalaci\u00f3n de las cookies enviadas por este sitio, sin que ello perjudique la posibilidad de acceder a los contenidos. Sin embargo, no nos responsabilizamos de que la desactivaci\u00f3n de los mismos impida el buen funcionamiento del sitio.<\/span><br \/>\n<span style=\"font-size: 16px; line-height: 1.5em; font-family: Manrope; font-weight: 300;\" data-fusion-font=\"true\" data-fusion-google-font=\"Manrope\" data-fusion-google-variant=\"300\">Para desactivar las Cookies publicitarias y que los sistemas de Google Adsense no creen un perfil de su navegaci\u00f3n, acceda a este enlace y dele clic a \u00abInhabilitar\u201d.<\/span><\/p>\n<p><strong style=\"font-size: 18px; color: var(--awb-color6);\" data-fusion-font=\"true\">Terminaci\u00f3n de Cuenta o Venta<\/strong><\/p>\n<p style=\"font-size: 16px; line-height: 1.5em; font-family: Manrope; font-weight: 300;\" data-fusion-font=\"true\" data-fusion-google-font=\"Manrope\" data-fusion-google-variant=\"300\">A pesar de los T\u00e9rminos y Condiciones de Uso del sitio web, Qu\u00e1ntico Servicios de Asistencia se reserva el derecho, sin previo aviso, de cancelar (eliminar) su cuenta o bloquearla para que no pueda utilizar el Sitio Web en caso de observarse contravenci\u00f3n o incumplimiento de una cualquiera de las condiciones de uso del sitio web, o cuando ello sea justo y necesario para el buen desempe\u00f1o del sitio web o de los otros usuarios del sitio web.<\/p>\n<p><span style=\"font-size: 18px; color: var(--awb-color6);\" data-fusion-font=\"true\"><b>Modificaciones a los T\u00e9rminos y Condiciones de Uso del sitio<\/b><\/span><\/p>\n<p style=\"font-size: 16px; line-height: 1.5em; font-family: Manrope; font-weight: 300;\" data-fusion-font=\"true\" data-fusion-google-font=\"Manrope\" data-fusion-google-variant=\"300\">Qu\u00e1ntico Servicios de Asistencia se reserva el derecho a modificar cualquier disposici\u00f3n de los T\u00e9rminos y Condiciones de Uso que se incluyen en los T\u00e9rminos y Condiciones de Uso del sitio web o cualquier pol\u00edtica o directriz del Sitio, en cualquier momento y sin previo aviso al usuario o cliente.<\/p>\n<p style=\"font-size: 16px; line-height: 1.5em; font-family: Manrope; font-weight: 300;\" data-fusion-font=\"true\" data-fusion-google-font=\"Manrope\" data-fusion-google-variant=\"300\">Lo no previsto en estos T\u00e9rminos y Condiciones de Uso ser\u00e1 \u00fanicamente considerado por Qu\u00e1ntico Servicios de Asistencia, en forma equitativa, siempre respetando la privacidad y decoro que debe existir en el sitio web para todos los usuarios.<\/p>\n<p style=\"font-size: 16px; line-height: 1.5em; font-family: Manrope; font-weight: 300;\" data-fusion-font=\"true\" data-fusion-google-font=\"Manrope\" data-fusion-google-variant=\"300\">Recuerden, para cualquier problema inconveniente que pueda surgir, podr\u00e1n ponerse en contacto con: comercial@quanticoservicios.com<\/p>\n<\/div><\/div><\/div><\/div><\/div>","protected":false},"excerpt":{"rendered":"","protected":false},"author":1,"featured_media":3470,"parent":0,"menu_order":0,"comment_status":"closed","ping_status":"closed","template":"100-width.php","meta":{"footnotes":""},"class_list":["post-3735","page","type-page","status-publish","has-post-thumbnail","hentry"],"_links":{"self":[{"href":"https:\/\/quanticoservicios.net\/en\/wp-json\/wp\/v2\/pages\/3735","targetHints":{"allow":["GET"]}}],"collection":[{"href":"https:\/\/quanticoservicios.net\/en\/wp-json\/wp\/v2\/pages"}],"about":[{"href":"https:\/\/quanticoservicios.net\/en\/wp-json\/wp\/v2\/types\/page"}],"author":[{"embeddable":true,"href":"https:\/\/quanticoservicios.net\/en\/wp-json\/wp\/v2\/users\/1"}],"replies":[{"embeddable":true,"href":"https:\/\/quanticoservicios.net\/en\/wp-json\/wp\/v2\/comments?post=3735"}],"version-history":[{"count":3,"href":"https:\/\/quanticoservicios.net\/en\/wp-json\/wp\/v2\/pages\/3735\/revisions"}],"predecessor-version":[{"id":3740,"href":"https:\/\/quanticoservicios.net\/en\/wp-json\/wp\/v2\/pages\/3735\/revisions\/3740"}],"wp:featuredmedia":[{"embeddable":true,"href":"https:\/\/quanticoservicios.net\/en\/wp-json\/wp\/v2\/media\/3470"}],"wp:attachment":[{"href":"https:\/\/quanticoservicios.net\/en\/wp-json\/wp\/v2\/media?parent=3735"}],"curies":[{"name":"wp","href":"https:\/\/api.w.org\/{rel}","templated":true}]}}