{"id":46,"date":"2020-08-20T18:08:41","date_gmt":"2020-08-20T18:08:41","guid":{"rendered":"https:\/\/quanticoservicios.net\/?page_id=46"},"modified":"2026-03-03T23:39:45","modified_gmt":"2026-03-04T03:39:45","slug":"blog","status":"publish","type":"page","link":"https:\/\/quanticoservicios.net\/en\/blog\/","title":{"rendered":"Blog"},"content":{"rendered":"<p><div class=\"fusion-fullwidth fullwidth-box fusion-builder-row-1 fusion-flex-container has-pattern-background has-mask-background fusion-parallax-none nonhundred-percent-fullwidth non-hundred-percent-height-scrolling lazyload\" style=\"--awb-border-radius-top-left:0px;--awb-border-radius-top-right:0px;--awb-border-radius-bottom-right:0px;--awb-border-radius-bottom-left:0px;--awb-background-size:cover;--awb-flex-wrap:wrap;\" data-bg=\"https:\/\/quanticoservicios.net\/wp-content\/uploads\/2022\/09\/Entradas-min.png\" ><div class=\"fusion-builder-row fusion-row fusion-flex-align-items-flex-start fusion-flex-content-wrap\" style=\"max-width:1497.6px;margin-left: calc(-4% \/ 2 );margin-right: calc(-4% \/ 2 );\"><div class=\"fusion-layout-column fusion_builder_column fusion-builder-column-0 fusion_builder_column_1_1 1_1 fusion-flex-column\" style=\"--awb-bg-size:cover;--awb-width-large:100%;--awb-margin-top-large:20px;--awb-spacing-right-large:1.92%;--awb-margin-bottom-large:20px;--awb-spacing-left-large:1.92%;--awb-width-medium:100%;--awb-order-medium:0;--awb-spacing-right-medium:1.92%;--awb-spacing-left-medium:1.92%;--awb-width-small:100%;--awb-order-small:0;--awb-spacing-right-small:1.92%;--awb-spacing-left-small:1.92%;\"><div class=\"fusion-column-wrapper fusion-column-has-shadow fusion-flex-justify-content-flex-start fusion-content-layout-column\"><div class=\"fusion-title title fusion-title-1 fusion-sep-none fusion-title-center fusion-title-text fusion-title-size-one\" style=\"--awb-text-color:var(--awb-color1);--awb-margin-top:0px;\"><h1 class=\"fusion-title-heading title-heading-center fusion-responsive-typography-calculated\" style=\"margin:0;--fontSize:32;line-height:1.2;\">Entradas recientes<\/h1><\/div><\/div><\/div><\/div><\/div><div class=\"fusion-fullwidth fullwidth-box fusion-builder-row-2 fusion-flex-container nonhundred-percent-fullwidth non-hundred-percent-height-scrolling\" style=\"--awb-border-radius-top-left:0px;--awb-border-radius-top-right:0px;--awb-border-radius-bottom-right:0px;--awb-border-radius-bottom-left:0px;--awb-padding-top:80px;--awb-padding-bottom:40px;--awb-padding-top-small:30px;--awb-padding-bottom-small:0px;--awb-flex-wrap:wrap;\" ><div class=\"fusion-builder-row fusion-row fusion-flex-align-items-flex-start fusion-flex-justify-content-center fusion-flex-content-wrap\" style=\"max-width:1497.6px;margin-left: calc(-4% \/ 2 );margin-right: calc(-4% \/ 2 );\"><div class=\"fusion-layout-column fusion_builder_column fusion-builder-column-1 fusion_builder_column_5_6 5_6 fusion-flex-column\" style=\"--awb-bg-size:cover;--awb-width-large:83.333333333333%;--awb-margin-top-large:20px;--awb-spacing-right-large:2.304%;--awb-margin-bottom-large:0px;--awb-spacing-left-large:2.304%;--awb-width-medium:83.333333333333%;--awb-order-medium:0;--awb-spacing-right-medium:2.304%;--awb-spacing-left-medium:2.304%;--awb-width-small:100%;--awb-order-small:0;--awb-spacing-right-small:1.92%;--awb-spacing-left-small:1.92%;\"><div class=\"fusion-column-wrapper fusion-column-has-shadow fusion-flex-justify-content-flex-start fusion-content-layout-column\"><div class=\"fusion-blog-shortcode fusion-blog-shortcode-1 fusion-blog-archive fusion-blog-layout-medium fusion-blog-no\"><div class=\"fusion-posts-container fusion-posts-container-no fusion-blog-rollover\" data-pages=\"12\"><article id=\"blog-1-post-4041\" class=\"fusion-post-medium post-4041 post type-post status-publish format-standard has-post-thumbnail hentry category-uncategorized tag-10-anos tag-asistencia-medica-domiciliaria tag-asistencia-medica-local tag-atencion-medica tag-compania-de-seguros tag-quantico tag-seguros tag-servicios\">\n\t<style type=\"text\/css\">\n\t\t\n\t\t\n\t\t\n\t\t\n\t\t\t<\/style>\n\n\n\t\t\t<div class=\"fusion-flexslider flexslider fusion-flexslider-loading fusion-post-slideshow\" style=\"\">\n\t\t<ul class=\"slides\">\n\t\t\t\n\t\t\t\t\t\t\t\t\t\t\t\t\t\t<li><div  class=\"fusion-image-wrapper fusion-image-size-fixed\" aria-haspopup=\"true\">\n\t\t\t\t<img decoding=\"async\" width=\"320\" height=\"202\" src=\"https:\/\/quanticoservicios.net\/wp-content\/uploads\/2025\/10\/Frame-195-320x202.png\" class=\"attachment-blog-medium size-blog-medium lazyload wp-post-image\" alt=\"\" srcset=\"data:image\/svg+xml,%3Csvg%20xmlns%3D%27http%3A%2F%2Fwww.w3.org%2F2000%2Fsvg%27%20width%3D%271920%27%20height%3D%271080%27%20viewBox%3D%270%200%201920%201080%27%3E%3Crect%20width%3D%271920%27%20height%3D%271080%27%20fill-opacity%3D%220%22%2F%3E%3C%2Fsvg%3E\" data-orig-src=\"https:\/\/quanticoservicios.net\/wp-content\/uploads\/2025\/10\/Frame-195-320x202.png\" data-srcset=\"https:\/\/quanticoservicios.net\/wp-content\/uploads\/2025\/10\/Frame-195-18x10.png 18w, https:\/\/quanticoservicios.net\/wp-content\/uploads\/2025\/10\/Frame-195-320x202.png 320w, https:\/\/quanticoservicios.net\/wp-content\/uploads\/2025\/10\/Frame-195-700x441.png 700w\" data-sizes=\"auto\" \/><div class=\"fusion-rollover\">\n\t<div class=\"fusion-rollover-content\">\n\n\t\t\t\t\n\t\t\n\t\t\t\t\t\t\t\t\n\t\t\t\t\t\t\t\t\n\t\t\n\t\t\t\t\t\t<a class=\"fusion-link-wrapper\" href=\"https:\/\/quanticoservicios.net\/en\/10-anos-de-excelencia-quantico-sin-fronteras\/\" aria-label=\"10 A\u00d1OS DE EXCELENCIA: QUANTICO SIN FRONTERAS\"><\/a>\n\t<\/div>\n<\/div>\n<\/div>\n<\/li>\n\t\t\t\n\t\t\t\n\t\t\t\t\t\t\t\t\t\t\t\t\t\t\t\t\t\t\t\t\t\t\t\t\t\t\t\t\t\t\t\t\t\t\t\t\t\t\t\t\t\t\t\t\t\t\t\t\t\t\t\t\t\t\t\t\t\t\t\t\t\t\t\t\t\t\t\t<\/ul>\n\t<\/div>\n\t<div class=\"fusion-post-content post-content\"><h2 class=\"blog-shortcode-post-title entry-title\"><a href=\"https:\/\/quanticoservicios.net\/en\/10-anos-de-excelencia-quantico-sin-fronteras\/\">10 A\u00d1OS DE EXCELENCIA: QUANTICO SIN FRONTERAS<\/a><\/h2><div class=\"fusion-post-content-container\"><p>Hace una d\u00e9cada, naci\u00f3 una visi\u00f3n: ofrecer asistencia sin l\u00edmites, con calidad humana, eficiencia y compromiso. Quantico Servicios de Asistencia celebra 10 a\u00f1os de trayectoria, marcados por innovaci\u00f3n, expansi\u00f3n y un profundo sentido de prop\u00f3sito. Bajo el nuevo lema \u201cQuantico Sin Fronteras\u201d, reafirmamos nuestra misi\u00f3n de estar donde m\u00e1s [...]<\/p><\/div><\/div><div class=\"fusion-clearfix\"><\/div><div class=\"fusion-meta-info\"><div class=\"fusion-alignleft\"><span class=\"vcard\" style=\"display: none;\"><span class=\"fn\"><a href=\"https:\/\/quanticoservicios.net\/en\/author\/rammannati\/\" title=\"Posts by Rosario Ammannati\" rel=\"author\">Rosario Ammannati<\/a><\/span><\/span><span class=\"updated\" style=\"display:none;\">2025-10-16T22:52:07-04:00<\/span><span>October 16, 2025<\/span><span class=\"fusion-inline-sep\">|<\/span><\/div><div class=\"fusion-alignright\"><a class=\"fusion-read-more\" href=\"https:\/\/quanticoservicios.net\/en\/10-anos-de-excelencia-quantico-sin-fronteras\/\" aria-label=\"More on 10 A\u00d1OS DE EXCELENCIA: QUANTICO SIN FRONTERAS\">Read More<\/a><\/div><\/div><\/article>\n<article id=\"blog-1-post-4004\" class=\"fusion-post-medium post-4004 post type-post status-publish format-standard has-post-thumbnail hentry category-uncategorized tag-asistencia-medica-domiciliaria tag-asistencia-medica-local tag-atencion-medica tag-compania-de-seguros tag-quantico tag-seguros tag-servicios\">\n\t<style type=\"text\/css\">\n\t\t\n\t\t\n\t\t\n\t\t\n\t\t\t<\/style>\n\n\n\t\t\t<div class=\"fusion-flexslider flexslider fusion-flexslider-loading fusion-post-slideshow\" style=\"\">\n\t\t<ul class=\"slides\">\n\t\t\t\n\t\t\t\t\t\t\t\t\t\t\t\t\t\t<li><div  class=\"fusion-image-wrapper fusion-image-size-fixed\" aria-haspopup=\"true\">\n\t\t\t\t<img decoding=\"async\" width=\"320\" height=\"202\" src=\"https:\/\/quanticoservicios.net\/wp-content\/uploads\/2023\/09\/atencion_medica-320x202.jpg\" class=\"attachment-blog-medium size-blog-medium lazyload wp-post-image\" alt=\"Atenci\u00f3n m\u00e9dica\" srcset=\"data:image\/svg+xml,%3Csvg%20xmlns%3D%27http%3A%2F%2Fwww.w3.org%2F2000%2Fsvg%27%20width%3D%271200%27%20height%3D%27847%27%20viewBox%3D%270%200%201200%20847%27%3E%3Crect%20width%3D%271200%27%20height%3D%27847%27%20fill-opacity%3D%220%22%2F%3E%3C%2Fsvg%3E\" data-orig-src=\"https:\/\/quanticoservicios.net\/wp-content\/uploads\/2023\/09\/atencion_medica-320x202.jpg\" data-srcset=\"https:\/\/quanticoservicios.net\/wp-content\/uploads\/2023\/09\/atencion_medica-18x12.jpg 18w, https:\/\/quanticoservicios.net\/wp-content\/uploads\/2023\/09\/atencion_medica-320x202.jpg 320w, https:\/\/quanticoservicios.net\/wp-content\/uploads\/2023\/09\/atencion_medica-700x441.jpg 700w\" data-sizes=\"auto\" \/><div class=\"fusion-rollover\">\n\t<div class=\"fusion-rollover-content\">\n\n\t\t\t\t\n\t\t\n\t\t\t\t\t\t\t\t\n\t\t\t\t\t\t\t\t\n\t\t\n\t\t\t\t\t\t<a class=\"fusion-link-wrapper\" href=\"https:\/\/quanticoservicios.net\/en\/atencion-domiciliaria-cuidados-casa\/\" aria-label=\"Atenci\u00f3n Domiciliaria y Cuidados en Casa: Brindando Dignidad y Apoyo en Momentos Dif\u00edciles\"><\/a>\n\t<\/div>\n<\/div>\n<\/div>\n<\/li>\n\t\t\t\n\t\t\t\n\t\t\t\t\t\t\t\t\t\t\t\t\t\t\t\t\t\t\t\t\t\t\t\t\t\t\t\t\t\t\t\t\t\t\t\t\t\t\t\t\t\t\t\t\t\t\t\t\t\t\t\t\t\t\t\t\t\t\t\t\t\t\t\t\t\t\t\t<\/ul>\n\t<\/div>\n\t<div class=\"fusion-post-content post-content\"><h2 class=\"blog-shortcode-post-title entry-title\"><a href=\"https:\/\/quanticoservicios.net\/en\/atencion-domiciliaria-cuidados-casa\/\">Atenci\u00f3n Domiciliaria y Cuidados en Casa: Brindando Dignidad y Apoyo en Momentos Dif\u00edciles<\/a><\/h2><div class=\"fusion-post-content-container\"><p>En los \u00faltimos tiempos, la atenci\u00f3n m\u00e9dica ha experimentado una transformaci\u00f3n notable, y con ello, la forma en que abordamos la atenci\u00f3n en situaciones de cuidados paliativos. Uno de los enfoques m\u00e1s significativos es la prestaci\u00f3n de estos cuidados en el propio hogar del paciente. Esta transici\u00f3n de la [...]<\/p><\/div><\/div><div class=\"fusion-clearfix\"><\/div><div class=\"fusion-meta-info\"><div class=\"fusion-alignleft\"><span class=\"vcard\" style=\"display: none;\"><span class=\"fn\"><a href=\"https:\/\/quanticoservicios.net\/en\/author\/jpatino\/\" title=\"Posts by jpatino\" rel=\"author\">jpatino<\/a><\/span><\/span><span class=\"updated\" style=\"display:none;\">2023-09-06T14:08:10-04:00<\/span><span>September 6, 2023<\/span><span class=\"fusion-inline-sep\">|<\/span><\/div><div class=\"fusion-alignright\"><a class=\"fusion-read-more\" href=\"https:\/\/quanticoservicios.net\/en\/atencion-domiciliaria-cuidados-casa\/\" aria-label=\"More on Atenci\u00f3n Domiciliaria y Cuidados en Casa: Brindando Dignidad y Apoyo en Momentos Dif\u00edciles\">Read More<\/a><\/div><\/div><\/article>\n<\/div><\/div><\/div><\/div><div class=\"fusion-layout-column fusion_builder_column fusion-builder-column-2 fusion_builder_column_5_6 5_6 fusion-flex-column\" style=\"--awb-bg-size:cover;--awb-width-large:83.333333333333%;--awb-margin-top-large:20px;--awb-spacing-right-large:2.304%;--awb-margin-bottom-large:20px;--awb-spacing-left-large:2.304%;--awb-width-medium:83.333333333333%;--awb-order-medium:1;--awb-spacing-right-medium:2.304%;--awb-spacing-left-medium:2.304%;--awb-width-small:100%;--awb-order-small:1;--awb-spacing-right-small:1.92%;--awb-margin-bottom-small:0px;--awb-spacing-left-small:1.92%;\"><div class=\"fusion-column-wrapper fusion-column-has-shadow fusion-flex-justify-content-flex-start fusion-content-layout-column\"><div class=\"fusion-blog-shortcode fusion-blog-shortcode-2 fusion-blog-archive fusion-blog-layout-grid-wrapper fusion-blog-infinite fusion-blog-layout-left\"><style type=\"text\/css\">.fusion-blog-shortcode-2 .fusion-blog-layout-grid .fusion-post-grid{padding:30px;}.fusion-blog-shortcode-2 .fusion-posts-container{margin-left: -30px !important; margin-right:-30px !important;}<\/style><div class=\"fusion-posts-container fusion-posts-container-infinite fusion-blog-rollover fusion-blog-layout-grid fusion-blog-layout-grid-2 isotope fusion-blog-layout-masonry\" data-pages=\"6\" data-grid-col-space=\"60\" style=\"margin: -30px -30px 0;min-height:500px;\"><article class=\"fusion-post-grid fusion-post-masonry post fusion-grid-sizer\"><\/article><article id=\"blog-2-post-3996\" class=\"fusion-post-masonry fusion-post-grid fusion-element-grid post-3996 post type-post status-publish format-standard has-post-thumbnail hentry category-tpa tag-asistencia-medica-local tag-quantico tag-third-party-administrator tag-third-party-administrators tag-tpa\">\n<div class=\"fusion-post-wrapper fusion-masonary-is-transparent \" style=\"background-color:rgba(255,255,255,1);border:none;\"><div  class=\"fusion-masonry-element-container lazyload fusion-image-wrapper\" style=\"padding-top:calc((100% + 60px) * 0.8 - 30px);\" data-bg=\"https:\/\/quanticoservicios.net\/wp-content\/uploads\/2023\/08\/2.jpg\" aria-haspopup=\"true\">\n\t\t\t\t<img decoding=\"async\" width=\"1200\" height=\"847\" src=\"https:\/\/quanticoservicios.net\/wp-content\/uploads\/2023\/08\/2.jpg\" class=\"attachment-full size-full lazyload wp-post-image\" alt=\"TPA\" srcset=\"data:image\/svg+xml,%3Csvg%20xmlns%3D%27http%3A%2F%2Fwww.w3.org%2F2000%2Fsvg%27%20width%3D%271200%27%20height%3D%27847%27%20viewBox%3D%270%200%201200%20847%27%3E%3Crect%20width%3D%271200%27%20height%3D%27847%27%20fill-opacity%3D%220%22%2F%3E%3C%2Fsvg%3E\" data-orig-src=\"https:\/\/quanticoservicios.net\/wp-content\/uploads\/2023\/08\/2.jpg\" data-srcset=\"https:\/\/quanticoservicios.net\/wp-content\/uploads\/2023\/08\/2-200x141.jpg 200w, https:\/\/quanticoservicios.net\/wp-content\/uploads\/2023\/08\/2-400x282.jpg 400w, https:\/\/quanticoservicios.net\/wp-content\/uploads\/2023\/08\/2-600x424.jpg 600w, https:\/\/quanticoservicios.net\/wp-content\/uploads\/2023\/08\/2-800x565.jpg 800w, https:\/\/quanticoservicios.net\/wp-content\/uploads\/2023\/08\/2.jpg 1200w\" data-sizes=\"auto\" \/><div class=\"fusion-rollover\">\n\t<div class=\"fusion-rollover-content\">\n\n\t\t\t\t\n\t\t\n\t\t\t\t\t\t\t\t\n\t\t\t\t\t\t\t\t\n\t\t\n\t\t\t\t\t\t<a class=\"fusion-link-wrapper\" href=\"https:\/\/quanticoservicios.net\/en\/tpas-gestionan-tratamientos-complejos\/\" aria-label=\"Coordinaci\u00f3n de cuidado: \u00bfC\u00f3mo los TPAs gestionan tratamientos complejos?\"><\/a>\n\t<\/div>\n<\/div>\n<\/div>\n<div class=\"fusion-post-content-wrapper\" style=\"padding:30px 25px 0px 30px;background-color:rgba(255,255,255,1);\"><div class=\"fusion-post-content post-content\"><h2 class=\"blog-shortcode-post-title entry-title\"><a href=\"https:\/\/quanticoservicios.net\/en\/tpas-gestionan-tratamientos-complejos\/\">Coordinaci\u00f3n de cuidado: \u00bfC\u00f3mo los TPAs gestionan tratamientos complejos?<\/a><\/h2><p class=\"fusion-single-line-meta\"><span class=\"vcard\" style=\"display: none;\"><span class=\"fn\"><a href=\"https:\/\/quanticoservicios.net\/en\/author\/jpatino\/\" title=\"Posts by jpatino\" rel=\"author\">jpatino<\/a><\/span><\/span><span class=\"updated\" style=\"display:none;\">2023-09-04T16:27:49-04:00<\/span><span>September 4, 2023<\/span><span class=\"fusion-inline-sep\">|<\/span><\/p><\/div><\/div><div class=\"fusion-clearfix\"><\/div><\/div>\n<\/article>\n<article id=\"blog-2-post-3991\" class=\"fusion-post-masonry fusion-post-grid fusion-element-grid post-3991 post type-post status-publish format-standard has-post-thumbnail hentry category-asistencia-medica-domiciliaria tag-asistencia-medica-domiciliaria tag-asistencia-medica-en-el-hogar tag-compania-de-seguros tag-quantico tag-seguros tag-servicios\">\n<div class=\"fusion-post-wrapper fusion-masonary-is-transparent \" style=\"background-color:rgba(255,255,255,1);border:none;\"><div  class=\"fusion-masonry-element-container lazyload fusion-image-wrapper\" style=\"padding-top:calc((100% + 60px) * 0.8 - 30px);\" data-bg=\"https:\/\/quanticoservicios.net\/wp-content\/uploads\/2023\/08\/asistencia_medica_domiciliaria.png\" aria-haspopup=\"true\">\n\t\t\t\t<img decoding=\"async\" width=\"1200\" height=\"847\" src=\"https:\/\/quanticoservicios.net\/wp-content\/uploads\/2023\/08\/asistencia_medica_domiciliaria.png\" class=\"attachment-full size-full lazyload wp-post-image\" alt=\"asistencia m\u00e9dica domiciliaria\" srcset=\"data:image\/svg+xml,%3Csvg%20xmlns%3D%27http%3A%2F%2Fwww.w3.org%2F2000%2Fsvg%27%20width%3D%271200%27%20height%3D%27847%27%20viewBox%3D%270%200%201200%20847%27%3E%3Crect%20width%3D%271200%27%20height%3D%27847%27%20fill-opacity%3D%220%22%2F%3E%3C%2Fsvg%3E\" data-orig-src=\"https:\/\/quanticoservicios.net\/wp-content\/uploads\/2023\/08\/asistencia_medica_domiciliaria.png\" data-srcset=\"https:\/\/quanticoservicios.net\/wp-content\/uploads\/2023\/08\/asistencia_medica_domiciliaria-200x141.png 200w, https:\/\/quanticoservicios.net\/wp-content\/uploads\/2023\/08\/asistencia_medica_domiciliaria-400x282.png 400w, https:\/\/quanticoservicios.net\/wp-content\/uploads\/2023\/08\/asistencia_medica_domiciliaria-600x424.png 600w, https:\/\/quanticoservicios.net\/wp-content\/uploads\/2023\/08\/asistencia_medica_domiciliaria-800x565.png 800w, https:\/\/quanticoservicios.net\/wp-content\/uploads\/2023\/08\/asistencia_medica_domiciliaria.png 1200w\" data-sizes=\"auto\" \/><div class=\"fusion-rollover\">\n\t<div class=\"fusion-rollover-content\">\n\n\t\t\t\t\n\t\t\n\t\t\t\t\t\t\t\t\n\t\t\t\t\t\t\t\t\n\t\t\n\t\t\t\t\t\t<a class=\"fusion-link-wrapper\" href=\"https:\/\/quanticoservicios.net\/en\/asistencia-medica-domiciliaria\/\" aria-label=\"Consideraciones de seguridad en la asistencia m\u00e9dica domiciliaria\"><\/a>\n\t<\/div>\n<\/div>\n<\/div>\n<div class=\"fusion-post-content-wrapper\" style=\"padding:30px 25px 0px 30px;background-color:rgba(255,255,255,1);\"><div class=\"fusion-post-content post-content\"><h2 class=\"blog-shortcode-post-title entry-title\"><a href=\"https:\/\/quanticoservicios.net\/en\/asistencia-medica-domiciliaria\/\">Consideraciones de seguridad en la asistencia m\u00e9dica domiciliaria<\/a><\/h2><p class=\"fusion-single-line-meta\"><span class=\"vcard\" style=\"display: none;\"><span class=\"fn\"><a href=\"https:\/\/quanticoservicios.net\/en\/author\/jpatino\/\" title=\"Posts by jpatino\" rel=\"author\">jpatino<\/a><\/span><\/span><span class=\"updated\" style=\"display:none;\">2023-08-30T17:52:43-04:00<\/span><span>August 22, 2023<\/span><span class=\"fusion-inline-sep\">|<\/span><\/p><\/div><\/div><div class=\"fusion-clearfix\"><\/div><\/div>\n<\/article>\n<article id=\"blog-2-post-3959\" class=\"fusion-post-masonry fusion-post-grid fusion-element-grid post-3959 post type-post status-publish format-standard has-post-thumbnail hentry category-asistencia-medica-local tag-asistencia-medica-local tag-centros-de-rehabilitacion tag-compania-de-seguros tag-farmacias tag-laboratorios tag-quantico tag-servicios tag-tecnologia tag-telemedicina\">\n<div class=\"fusion-post-wrapper fusion-masonary-is-transparent \" style=\"background-color:rgba(255,255,255,1);border:none;\"><div  class=\"fusion-masonry-element-container lazyload fusion-image-wrapper\" style=\"padding-top:calc((100% + 60px) * 0.8 - 30px);\" data-bg=\"https:\/\/quanticoservicios.net\/wp-content\/uploads\/2023\/08\/Imagen1.png\" aria-haspopup=\"true\">\n\t\t\t\t<img decoding=\"async\" width=\"1200\" height=\"847\" src=\"https:\/\/quanticoservicios.net\/wp-content\/uploads\/2023\/08\/Imagen1.png\" class=\"attachment-full size-full lazyload wp-post-image\" alt=\"Servicios M\u00e9dicos Locales\" srcset=\"data:image\/svg+xml,%3Csvg%20xmlns%3D%27http%3A%2F%2Fwww.w3.org%2F2000%2Fsvg%27%20width%3D%271200%27%20height%3D%27847%27%20viewBox%3D%270%200%201200%20847%27%3E%3Crect%20width%3D%271200%27%20height%3D%27847%27%20fill-opacity%3D%220%22%2F%3E%3C%2Fsvg%3E\" data-orig-src=\"https:\/\/quanticoservicios.net\/wp-content\/uploads\/2023\/08\/Imagen1.png\" data-srcset=\"https:\/\/quanticoservicios.net\/wp-content\/uploads\/2023\/08\/Imagen1-200x141.png 200w, https:\/\/quanticoservicios.net\/wp-content\/uploads\/2023\/08\/Imagen1-400x282.png 400w, https:\/\/quanticoservicios.net\/wp-content\/uploads\/2023\/08\/Imagen1-600x424.png 600w, https:\/\/quanticoservicios.net\/wp-content\/uploads\/2023\/08\/Imagen1-800x565.png 800w, https:\/\/quanticoservicios.net\/wp-content\/uploads\/2023\/08\/Imagen1.png 1200w\" data-sizes=\"auto\" \/><div class=\"fusion-rollover\">\n\t<div class=\"fusion-rollover-content\">\n\n\t\t\t\t\n\t\t\n\t\t\t\t\t\t\t\t\n\t\t\t\t\t\t\t\t\n\t\t\n\t\t\t\t\t\t<a class=\"fusion-link-wrapper\" href=\"https:\/\/quanticoservicios.net\/en\/servicios-medicos-locales-satisfaccion\/\" aria-label=\"C\u00f3mo los Servicios M\u00e9dicos Locales Benefician a los Proveedores de Salud: Optimizando la Atenci\u00f3n y Mejorando la Satisfacci\u00f3n del Paciente\"><\/a>\n\t<\/div>\n<\/div>\n<\/div>\n<div class=\"fusion-post-content-wrapper\" style=\"padding:30px 25px 0px 30px;background-color:rgba(255,255,255,1);\"><div class=\"fusion-post-content post-content\"><h2 class=\"blog-shortcode-post-title entry-title\"><a href=\"https:\/\/quanticoservicios.net\/en\/servicios-medicos-locales-satisfaccion\/\">C\u00f3mo los Servicios M\u00e9dicos Locales Benefician a los Proveedores de Salud: Optimizando la Atenci\u00f3n y Mejorando la Satisfacci\u00f3n del Paciente<\/a><\/h2><p class=\"fusion-single-line-meta\"><span class=\"vcard\" style=\"display: none;\"><span class=\"fn\"><a href=\"https:\/\/quanticoservicios.net\/en\/author\/jpatino\/\" title=\"Posts by jpatino\" rel=\"author\">jpatino<\/a><\/span><\/span><span class=\"updated\" style=\"display:none;\">2025-10-19T17:30:30-04:00<\/span><span>August 3, 2023<\/span><span class=\"fusion-inline-sep\">|<\/span><\/p><\/div><\/div><div class=\"fusion-clearfix\"><\/div><\/div>\n<\/article>\n<article id=\"blog-2-post-3953\" class=\"fusion-post-masonry fusion-post-grid fusion-element-grid post-3953 post type-post status-publish format-standard has-post-thumbnail hentry category-asistencia-medica-local tag-asistencia-medica-local tag-compania-de-seguros tag-medicina-interactiva tag-quantico tag-servicios tag-tecnologia tag-telemedicina\">\n<div class=\"fusion-post-wrapper fusion-masonary-is-transparent \" style=\"background-color:rgba(255,255,255,1);border:none;\"><div  class=\"fusion-masonry-element-container lazyload fusion-image-wrapper\" style=\"padding-top:calc((100% + 60px) * 0.8 - 30px);\" data-bg=\"https:\/\/quanticoservicios.net\/wp-content\/uploads\/2023\/07\/Quantico2.png\" aria-haspopup=\"true\">\n\t\t\t\t<img decoding=\"async\" width=\"1200\" height=\"847\" src=\"https:\/\/quanticoservicios.net\/wp-content\/uploads\/2023\/07\/Quantico2.png\" class=\"attachment-full size-full lazyload wp-post-image\" alt=\"prestador de servicios m\u00e9dicos locales\" srcset=\"data:image\/svg+xml,%3Csvg%20xmlns%3D%27http%3A%2F%2Fwww.w3.org%2F2000%2Fsvg%27%20width%3D%271200%27%20height%3D%27847%27%20viewBox%3D%270%200%201200%20847%27%3E%3Crect%20width%3D%271200%27%20height%3D%27847%27%20fill-opacity%3D%220%22%2F%3E%3C%2Fsvg%3E\" data-orig-src=\"https:\/\/quanticoservicios.net\/wp-content\/uploads\/2023\/07\/Quantico2.png\" data-srcset=\"https:\/\/quanticoservicios.net\/wp-content\/uploads\/2023\/07\/Quantico2-200x141.png 200w, https:\/\/quanticoservicios.net\/wp-content\/uploads\/2023\/07\/Quantico2-400x282.png 400w, https:\/\/quanticoservicios.net\/wp-content\/uploads\/2023\/07\/Quantico2-600x424.png 600w, https:\/\/quanticoservicios.net\/wp-content\/uploads\/2023\/07\/Quantico2-800x565.png 800w, https:\/\/quanticoservicios.net\/wp-content\/uploads\/2023\/07\/Quantico2.png 1200w\" data-sizes=\"auto\" \/><div class=\"fusion-rollover\">\n\t<div class=\"fusion-rollover-content\">\n\n\t\t\t\t\n\t\t\n\t\t\t\t\t\t\t\t\n\t\t\t\t\t\t\t\t\n\t\t\n\t\t\t\t\t\t<a class=\"fusion-link-wrapper\" href=\"https:\/\/quanticoservicios.net\/en\/prestador-servicios-medicos-locales\/\" aria-label=\"Superando los desaf\u00edos de la competencia: C\u00f3mo diferenciarte como prestador de servicios m\u00e9dicos locales\"><\/a>\n\t<\/div>\n<\/div>\n<\/div>\n<div class=\"fusion-post-content-wrapper\" style=\"padding:30px 25px 0px 30px;background-color:rgba(255,255,255,1);\"><div class=\"fusion-post-content post-content\"><h2 class=\"blog-shortcode-post-title entry-title\"><a href=\"https:\/\/quanticoservicios.net\/en\/prestador-servicios-medicos-locales\/\">Superando los desaf\u00edos de la competencia: C\u00f3mo diferenciarte como prestador de servicios m\u00e9dicos locales<\/a><\/h2><p class=\"fusion-single-line-meta\"><span class=\"vcard\" style=\"display: none;\"><span class=\"fn\"><a href=\"https:\/\/quanticoservicios.net\/en\/author\/jpatino\/\" title=\"Posts by jpatino\" rel=\"author\">jpatino<\/a><\/span><\/span><span class=\"updated\" style=\"display:none;\">2023-08-30T17:53:34-04:00<\/span><span>July 18, 2023<\/span><span class=\"fusion-inline-sep\">|<\/span><\/p><\/div><\/div><div class=\"fusion-clearfix\"><\/div><\/div>\n<\/article>\n<div class=\"fusion-clearfix\"><\/div><\/div><div class=\"fusion-infinite-scroll-trigger\"><\/div><div class=\"pagination infinite-scroll clearfix\" style=\"display:none;\"><span class=\"current\">1<\/span><a href=\"https:\/\/quanticoservicios.net\/en\/wp-json\/wp\/v2\/pages\/46\/page\/2\/\" class=\"inactive\">2<\/a><a class=\"pagination-next\" rel=\"next\" href=\"https:\/\/quanticoservicios.net\/en\/wp-json\/wp\/v2\/pages\/46\/page\/2\/\"><span class=\"page-text\">Next<\/span><span class=\"page-next\"><\/span><\/a><\/div><div class=\"fusion-clearfix\"><\/div><\/div><\/div><\/div><\/div><\/div><\/p>\n","protected":false},"excerpt":{"rendered":"","protected":false},"author":1,"featured_media":0,"parent":0,"menu_order":0,"comment_status":"closed","ping_status":"closed","template":"100-width.php","meta":{"footnotes":""},"class_list":["post-46","page","type-page","status-publish","hentry"],"_links":{"self":[{"href":"https:\/\/quanticoservicios.net\/en\/wp-json\/wp\/v2\/pages\/46","targetHints":{"allow":["GET"]}}],"collection":[{"href":"https:\/\/quanticoservicios.net\/en\/wp-json\/wp\/v2\/pages"}],"about":[{"href":"https:\/\/quanticoservicios.net\/en\/wp-json\/wp\/v2\/types\/page"}],"author":[{"embeddable":true,"href":"https:\/\/quanticoservicios.net\/en\/wp-json\/wp\/v2\/users\/1"}],"replies":[{"embeddable":true,"href":"https:\/\/quanticoservicios.net\/en\/wp-json\/wp\/v2\/comments?post=46"}],"version-history":[{"count":15,"href":"https:\/\/quanticoservicios.net\/en\/wp-json\/wp\/v2\/pages\/46\/revisions"}],"predecessor-version":[{"id":4714,"href":"https:\/\/quanticoservicios.net\/en\/wp-json\/wp\/v2\/pages\/46\/revisions\/4714"}],"wp:attachment":[{"href":"https:\/\/quanticoservicios.net\/en\/wp-json\/wp\/v2\/media?parent=46"}],"curies":[{"name":"wp","href":"https:\/\/api.w.org\/{rel}","templated":true}]}}